{"id":476,"date":"2020-03-30T09:32:21","date_gmt":"2020-03-30T09:32:21","guid":{"rendered":"https:\/\/www.coopval.com\/?page_id=476"},"modified":"2020-03-30T13:50:01","modified_gmt":"2020-03-30T13:50:01","slug":"politica-de-privacidade","status":"publish","type":"page","link":"https:\/\/www.coopval.com\/en\/politica-de-privacidade\/","title":{"rendered":"Privacy Policy"},"content":{"rendered":"<div data-elementor-type=\"wp-page\" data-elementor-id=\"476\" class=\"elementor elementor-476\">\n\t\t\t\t\t\t<section class=\"has_eae_slider elementor-section elementor-top-section elementor-element elementor-element-7160369 elementor-section-content-top elementor-section-boxed elementor-section-height-default elementor-section-height-default\" data-eae-slider=\"50992\" data-id=\"7160369\" data-element_type=\"section\" data-e-type=\"section\">\n\t\t\t\t\t\t<div class=\"elementor-container elementor-column-gap-default\">\n\t\t\t\t\t<div class=\"has_eae_slider elementor-column elementor-col-100 elementor-top-column elementor-element elementor-element-f40bbf8 elementor-invisible\" data-eae-slider=\"51210\" data-id=\"f40bbf8\" data-element_type=\"column\" data-e-type=\"column\" data-settings=\"{&quot;animation&quot;:&quot;fadeInLeft&quot;}\">\n\t\t\t<div class=\"elementor-widget-wrap elementor-element-populated\">\n\t\t\t\t\t\t<div class=\"elementor-element elementor-element-722026f elementor-widget elementor-widget-heading\" data-id=\"722026f\" data-element_type=\"widget\" data-e-type=\"widget\" data-widget_type=\"heading.default\">\n\t\t\t\t<div class=\"elementor-widget-container\">\n\t\t\t\t\t<h2 class=\"elementor-heading-title elementor-size-default\">Privacy Policy<\/h2>\t\t\t\t<\/div>\n\t\t\t\t<\/div>\n\t\t\t\t<div class=\"elementor-element elementor-element-ef6de47 elementor-widget elementor-widget-text-editor\" data-id=\"ef6de47\" data-element_type=\"widget\" data-e-type=\"widget\" data-widget_type=\"text-editor.default\">\n\t\t\t\t<div class=\"elementor-widget-container\">\n\t\t\t\t\t\t\t\t\t<p>A <strong>COOPVAL \u2013 Cooperativa Agr\u00edcola dos Fruticultores do Cadaval, CRL <\/strong>cumpre com as obriga\u00e7\u00f5es que para si decorrem da Lei de Prote\u00e7\u00e3o de Dados e da Lei de tratamento de dados pessoais e de prote\u00e7\u00e3o da privacidade no sector das telecomunica\u00e7\u00f5es eletr\u00f3nicas. A nossa Pol\u00edtica de Privacidade e Cookies explica como iremos tratar qualquer informa\u00e7\u00e3o pessoal que nos fornecer quando usar este website e os servi\u00e7os que, por este meio, disponibilizamos.<\/p><p>\u00a0<\/p><p>1 &#8211;\u00a0<strong>Recolha e Registo de Dados<\/strong><\/p><p>A COOPVAL est\u00e1 empenhada em proteger a privacidade dos utilizadores do seu site e, como tal, recolhe apenas as informa\u00e7\u00f5es pessoais daqueles que as facultem voluntariamente, e assim tamb\u00e9m, apenas as utiliza para os fins para os quais foram fornecidas.<\/p><p>Os dados pessoais recolhidos pela COOPVAL s\u00e3o processados automaticamente e destinam-se \u00e0 gest\u00e3o da ficha do cliente, dos seus servi\u00e7os e dos seus pedidos de apoio e suporte. A recolha e tratamento de dados pessoais tem ainda como finalidade o seu uso para contactos por parte da COOPVAL para efeitos de:<\/p><p>&#8211; Garantir o normal funcionamento do servi\u00e7o contratado, nomeadamente fornecendo dados para sua gest\u00e3o, e fatura\u00e7\u00e3o;<\/p><p>&#8211; Registar os pedidos de contacto, reservas ou or\u00e7amentos;<\/p><p>&#8211; Envio de informa\u00e7\u00f5es de \u00e2mbito generalista e publicit\u00e1rio em rela\u00e7\u00e3o \u00e0 COOPVAL e aos servi\u00e7os e produtos por ela prestados;<\/p><p>Os dados fornecidos est\u00e3o integrados numa base de dados, sendo o seu tratamento automatizado, organizado e mantido diretamente pela COOPVAL\u00a0de acordo com a Lei 67\/98 de 26 de Outubro. Os menores de 18 anos dever\u00e3o obter autoriza\u00e7\u00e3o dos pais ou tutores antes de acederem ou disponibilizarem dados pessoais no site.<\/p><p><strong>\u00a0<\/strong><\/p><p><strong>2 &#8211; Retifica\u00e7\u00e3o ou elimina\u00e7\u00e3o dos dados fornecidos<\/strong><\/p><p>\u00a0<\/p><p><strong>2.1 &#8211;\u00a0Fornecimento de dados e retifica\u00e7\u00e3o<\/strong><\/p><p>Nos termos da legisla\u00e7\u00e3o aplic\u00e1vel assiste ao utilizador o direito de acesso, retifica\u00e7\u00e3o dos seus dados, ora assim a COOPVAL oferece ao cliente o acesso permanente aos seus dados, viabilizando, assim, a sua retifica\u00e7\u00e3o a todo tempo.<\/p><p>\u00a0<\/p><p><strong>2.2 &#8211;\u00a0Livre fornecimento de dados e aceita\u00e7\u00e3o da presente pol\u00edtica de privacidade<\/strong><\/p><p>Qualquer utilizador poder\u00e1 livremente optar por fornecer ou n\u00e3o os seus dados.<\/p><p>O preenchimento da ficha de clientes, formul\u00e1rio de contacto, pedido de or\u00e7amentos, \u00e9 tida como indica\u00e7\u00e3o volunt\u00e1ria de dados e \u00e9 entendida como declara\u00e7\u00e3o de aceita\u00e7\u00e3o por parte do cliente da presente pol\u00edtica de privacidade, bem como do tratamento e armazenagem desses dados, pela COOPVAL, para os fins comerciais a que se destinam.<\/p><p>Ora, assim, a COOPVAL reserva-se no direito de armazenar e usar os dados fornecidos pelo cliente, at\u00e9 declara\u00e7\u00e3o expressa deste a solicitar a sua elimina\u00e7\u00e3o.<\/p><p>\u00a0<\/p><p><strong>2.3 &#8211;\u00a0Elimina\u00e7\u00e3o dos dados<\/strong><\/p><p>Muito embora a COOPVAL n\u00e3o se comprometa a armazenar os dados do cliente depois de excedidos os prazos para renova\u00e7\u00e3o dos seus servi\u00e7os e\/ou ap\u00f3s a rescis\u00e3o do contrato sem que haja uma informa\u00e7\u00e3o expressa acerca, a COOPVAL\u00a0n\u00e3o poder\u00e1 aferir com certeza se o cliente pretende ou n\u00e3o manter-se inscrito como cliente COOPVAL.<\/p><p>Se for do interesse do cliente n\u00e3o ser mais contactado pela COOPVAL e que a COOPVAL n\u00e3o guarde mais os seus dados, dever\u00e1 solicitar por forma expressa a elimina\u00e7\u00e3o dos seus dados das nossas bases de dados.<\/p><p>Para as quest\u00f5es relacionadas com o tratamento dos seus dados pessoais poder\u00e1 contactar a <strong>COOPVAL \u2013 Cooperativa Agr\u00edcola dos Fruticultores do Cadaval, CRL <\/strong>para os dados de contacto indicados no ponto 5, da presente Pol\u00edtica de Privacidade.<\/p><p>\u00a0<\/p><p><strong>3 &#8211;\u00a0Seguran\u00e7a e utiliza\u00e7\u00e3o da sua informa\u00e7\u00e3o<\/strong><\/p><p>A COOPVAL compromete-se a n\u00e3o vender nem alugar ou transmitir ou sob qualquer outro t\u00edtulo, a terceiros quaisquer dados pessoais enviados pelos utilizadores do nosso site, sem preju\u00edzo de o fazer mediante autoriza\u00e7\u00e3o do utilizador ou quando seja legalmente obrigado. A COOPVAL assegura que, tanto quanto \u00e9 exig\u00edvel e atend\u00edvel, foram adotadas e organizadas as medidas t\u00e9cnicas adequadas para proteger os dados pessoais contra a destrui\u00e7\u00e3o, altera\u00e7\u00e3o e\/ou difus\u00e3o acidental ou il\u00edcita, n\u00e3o autorizadas dos dados pessoais.<\/p><p>Qualquer tentativa de viola\u00e7\u00e3o da base de dados do presente site ser\u00e1 objeto de a\u00e7\u00e3o penal e queixa-crime, conforme previsto na legisla\u00e7\u00e3o portuguesa referente a bases de dados e poder\u00e1 implicar responsabilidade civil e criminal.<\/p><p>\u00a0<\/p><p><strong>4 &#8211;\u00a0Conserva\u00e7\u00e3o da informa\u00e7\u00e3o pessoal<\/strong><\/p><p>Ap\u00f3s a recolha de informa\u00e7\u00e3o pessoal individualizada transmitida voluntariamente pelo utilizador, a COOPVAL proceder\u00e1 \u00e0 sua conserva\u00e7\u00e3o e manuten\u00e7\u00e3o pelo per\u00edodo necess\u00e1rio \u00e0 finalidade do seu tratamento, at\u00e9 instru\u00e7\u00f5es em contr\u00e1rio, ou at\u00e9 que a lei exija a respetiva elimina\u00e7\u00e3o.<\/p><p>A conserva\u00e7\u00e3o dessa informa\u00e7\u00e3o permite que a COOPVAL continue a fornecer servi\u00e7os personalizados sem interrup\u00e7\u00e3o, salvo oposi\u00e7\u00e3o expressa do Utilizador.<\/p><p>\u00a0<\/p><p><strong>5<\/strong> &#8211;\u00a0<strong>Entidade respons\u00e1vel<\/strong><\/p><p>O propriet\u00e1rio do dom\u00ednio www.coopval.com e da entidade respons\u00e1vel pelo tratamento da Base de Dados \u00e9 a\u00a0<strong>COOPVAL \u2013 Cooperativa Agr\u00edcola dos Fruticultores do Cadaval, CRL <\/strong>com sede na Estrada Nacional 115, Km 26, 2550 \u2013 108 Cadaval \u2013 Portugal, pessoa coletiva n\u00ba 500075018, podendo qualquer interessado entrar em contacto com ela atrav\u00e9s dos seguintes contactos:<\/p><p><u>Telefone<\/u>: +351 262 690 000<\/p><p><u>Morada<\/u>: Estrada Nacional 115, Km 26, 2550 \u2013 108 Cadaval \u2013 Portugal<\/p><p><u>Email<\/u>:\u00a0coopval@coopval.com<\/p><p>\u00a0<\/p><p><strong>6 &#8211; Pol\u00edtica de Cookies<\/strong><\/p><p>Os cookies s\u00e3o pequenos fragmentos de texto enviados para o seu navegador pelos Websites que visita. Os cookies desempenham um papel importante; sem eles, utilizar a Web seria uma experi\u00eancia muito mais frustrante.<\/p><p>Os cookies s\u00e3o ficheiros que s\u00e3o gravados no seu computador que t\u00eam como \u00fanico objetivo simplificar a sua navega\u00e7\u00e3o em www.coopval.com, facilitando a sua pr\u00f3xima visita e tornam o website coopval.com mais \u00fatil para si (estes cookies n\u00e3o podem conter v\u00edrus nem ser executados, pois n\u00e3o s\u00e3o ficheiros ativos).<\/p><p>Os cookies s\u00e3o gravados no \/ equipamento terminal e acedidos pelo nosso website apenas porque e quando o utilizador d\u00e1 o seu consentimento atrav\u00e9s de um comportamento ativo e mediante uma decis\u00e3o livre consubstanciada na aceita\u00e7\u00e3o da navega\u00e7\u00e3o no nosso website, com base em informa\u00e7\u00f5es claras e completas nos termos adiante explicitados, nomeadamente sobre o objetivo do processamento.<\/p><p>Estes cookies apenas podem ser lidos pela coopval.com e por si.<\/p><p>Os cookies que utilizamos e quais as fun\u00e7\u00f5es dos mesmos:<\/p><p><strong>Cookies estritamente necess\u00e1rios<\/strong>\u00a0 \u2013 s\u00e3o cookies essenciais e que permitem ao nosso site responder a qualquer a\u00e7\u00e3o que executa no site, tal como completar um formul\u00e1rio de inqu\u00e9rito. O site n\u00e3o funciona corretamente se este cookie n\u00e3o for usado.<\/p><p><strong>Cookies anal\u00edticos<\/strong>\u00a0 \u2013 s\u00e3o cookies que permitem a fun\u00e7\u00e3o do software de an\u00e1lise (analytics). Este software ajuda a analisar os nossos visitantes do site e fornecer informa\u00e7\u00f5es an\u00f3nimas, como navegadores utilizados, visitantes de retorno e de resposta \u00e0s atividades de marketing. Esta informa\u00e7\u00e3o ajuda-nos a melhorar o site e sua experi\u00eancia online.<\/p><p><strong>Cookies de funcionalidade<\/strong> \u2013 s\u00e3o cookies que guardam as prefer\u00eancias do utilizador relativamente \u00e0 utiliza\u00e7\u00e3o do site, de forma que n\u00e3o seja necess\u00e1rio voltar a configurar o site cada vez que o visita.<\/p><p><strong>Cookies permanentes<\/strong>\u00a0\u2013 s\u00e3o cookies que ficam armazenados nos dispositivos de acesso (computador, telem\u00f3vel, smartphone ou tablet), ao n\u00edvel do navegador de internet (browser), e s\u00e3o usados sempre que o utilizador visita novamente o site. Em geral, s\u00e3o usados para direcionar a navega\u00e7\u00e3o de acordo com os interesses do utilizador, permitindo prestar um servi\u00e7o mais personalizado.<\/p><p><strong>Cookies de sess\u00e3o<\/strong>\u00a0&#8211; s\u00e3o cookies tempor\u00e1rios, que s\u00e3o gerados e est\u00e3o dispon\u00edveis at\u00e9 encerrar a sess\u00e3o. Da pr\u00f3xima vez que o utilizador aceder ao seu navegador de internet (browser) os cookies j\u00e1 n\u00e3o estar\u00e3o armazenados. A informa\u00e7\u00e3o obtida permite gerir as sess\u00f5es, identificar problemas e fornecer uma melhor experi\u00eancia de navega\u00e7\u00e3o.<\/p><p>\u00a0<\/p><p>\u00c9 permitido ao utilizador aceitar, recusar ou apagar cookies, nomeadamente atrav\u00e9s da sele\u00e7\u00e3o das defini\u00e7\u00f5es apropriadas no respetivo navegador (browser). Ao desativar os cookies poder\u00e1 impedir que alguns dos nossos servi\u00e7os da web funcionem corretamente.<\/p><p>Para obter mais informa\u00e7\u00f5es sobre cookies, incluindo para saber que cookies foram instalados e como podem ser geridos e eliminados, visite\u00a0<a href=\"http:\/\/www.allaboutcookies.org\/\">www.allaboutcookies.org<\/a>. Se n\u00e3o quiser que as suas visitas a s\u00edtios Web sejam detetadas pelo Google Analytics, aceda a\u00a0<a href=\"https:\/\/tools.google.com\/dlpage\/gaoptout\">https:\/\/tools.google.com\/dlpage\/gaoptout<\/a><\/p><p><strong><br \/>Aceita\u00e7\u00e3o destes termos<\/strong><\/p><p>Ao utilizar este site, o utilizador concorda com a recolha e uso das suas informa\u00e7\u00f5es tal como estabelecido nesta Pol\u00edtica de Cookies.<\/p><p>\u00a0<\/p><p>\u00a0<\/p><p>\u00a0<\/p><p><strong><u>\u00a0<\/u><\/strong><\/p><p><strong><u>\u00a0<\/u><\/strong><\/p><h3><strong><u>Termos de Utiliza\u00e7\u00e3o<\/u><\/strong><\/h3><p><strong>Termos <\/strong><\/p><p>O presente documento regula o uso da p\u00e1gina de Internet da COOPVAL e de todo o seu conte\u00fado. O utilizador desta p\u00e1gina dever\u00e1 ler esta informa\u00e7\u00e3o com muita aten\u00e7\u00e3o. No caso de n\u00e3o concordar com os termos aqui apresentados n\u00e3o dever\u00e1 prosseguir a visita ao website.<\/p><p>\u00a0<\/p><p><strong>1 &#8211; Declara\u00e7\u00e3o sobre prote\u00e7\u00e3o dos direitos de autor\u00a0<\/strong><\/p><p>Esta p\u00e1gina de Internet com o endere\u00e7o www.coopval.com \u00e9 propriedade da <strong>COOPVAL \u2013 Cooperativa Agr\u00edcola dos Fruticultores do Cadaval, CRL. <\/strong>O conte\u00fado deste website est\u00e1 protegido por Direitos de Autor e Direitos Conexos ao abrigo das leis portuguesas e da Uni\u00e3o Europeia n\u00e3o podendo ser utilizado fora das condi\u00e7\u00f5es aqui referidas.<\/p><p>Toda a informa\u00e7\u00e3o contida neste website \u00e9 considerada p\u00fablica. Os utilizadores podem copiar, importar ou utilizar gratuitamente informa\u00e7\u00f5es aqui existentes para uso pessoal ou p\u00fablico desde que essa utiliza\u00e7\u00e3o n\u00e3o tenha fins lucrativos ou ofensivos. No entanto, os utilizadores dever\u00e3o sempre fazer refer\u00eancia \u00e0 fonte de informa\u00e7\u00e3o.<\/p><p>N\u00e3o s\u00e3o permitidas c\u00f3pias, importa\u00e7\u00f5es ou utiliza\u00e7\u00f5es de s\u00edmbolos, log\u00f3tipos ou outras imagens, salvo mediante autoriza\u00e7\u00e3o expressa e sempre com refer\u00eancia \u00e0 fonte de informa\u00e7\u00e3o. A prote\u00e7\u00e3o dos direitos de autor e de propriedade industrial sobre os conte\u00fados presentes neste website, estende-se a todas as c\u00f3pias de parte ou da totalidade da informa\u00e7\u00e3o contida neste website. Quaisquer tentativas de altera\u00e7\u00e3o de informa\u00e7\u00e3o ou qualquer outra a\u00e7\u00e3o que possa causar dano e p\u00f4r em risco a integridade do sistema s\u00e3o estritamente proibidas e podem ser punidas de acordo com a legisla\u00e7\u00e3o em vigor.<\/p><p>\u00a0<\/p><p><strong>2 &#8211; Declara\u00e7\u00e3o de exonera\u00e7\u00e3o de responsabilidade\u00a0<\/strong><\/p><p>A COOPVAL n\u00e3o responde por quaisquer perdas ou danos, diretos ou indiretos, sofridos por qualquer utilizador, relativamente \u00e0 informa\u00e7\u00e3o contida neste website. \u00c9 preocupa\u00e7\u00e3o dos gestores deste website minorar os inconvenientes causados por erros t\u00e9cnicos. Por\u00e9m, alguns dados ou informa\u00e7\u00f5es contidos neste s\u00edtio podem ter sido concebidos ou estruturados em ficheiros ou formatos suscet\u00edveis de causarem erros. Deste modo, a COOPVAL n\u00e3o poder\u00e1 garantir que o servi\u00e7o prestado n\u00e3o seja interrompido ou perturbado em consequ\u00eancia de tais problemas.<\/p><p>\u00a0<\/p><p><strong>3 &#8211; Declara\u00e7\u00e3o de confidencialidade<\/strong><\/p><p>A confidencialidade da identidade do visitante desta p\u00e1gina \u00e9 assegurada pela Lei de Prote\u00e7\u00e3o de Dados Pessoais \u2013 Lei n.\u00ba 67\/98, de 26 de Outubro \u2013 pelo que nenhum dado pessoal ser\u00e1 facultado a terceiros sem o pr\u00e9vio consentimento do seu titular. Quando o utilizador for convidado a fornecer o endere\u00e7o de email, este destina-se exclusivamente a permitir responder \u00e0s quest\u00f5es colocadas pelo mesmo e n\u00e3o ser\u00e1 utilizado para outro fim.<\/p><p>\u00a0<\/p><p><strong>4 &#8211; Liga\u00e7\u00f5es a terceiros<\/strong><\/p><p>A COOPVAL n\u00e3o se responsabiliza pela qualidade ou veracidade das afirma\u00e7\u00f5es reproduzidas nos websites para onde remetem as liga\u00e7\u00f5es de hipertexto, tamb\u00e9m designadas hyperlinks ou links presentes nesta p\u00e1gina. A COOPVAL n\u00e3o exerce qualquer controlo sobre os conte\u00fados, produtos e servi\u00e7os oferecidos por terceiros atrav\u00e9s dos links inseridos na mesma.<\/p><p>\u00a0<\/p><p><strong>5 &#8211; <\/strong><strong>Aceita\u00e7\u00e3o e vincula\u00e7\u00e3o<\/strong><\/p><p>Todos os utilizadores dos servi\u00e7os disponibilizados neste s\u00edtio est\u00e3o vinculados \u00e0 aceita\u00e7\u00e3o e respeito pelas condi\u00e7\u00f5es aqui expressas. Para qualquer quest\u00e3o ou coment\u00e1rio sobre a informa\u00e7\u00e3o contida neste website dever\u00e1 contactar o Webmaster.<\/p>\t\t\t\t\t\t\t\t<\/div>\n\t\t\t\t<\/div>\n\t\t\t\t\t<\/div>\n\t\t<\/div>\n\t\t\t\t\t<\/div>\n\t\t<\/section>\n\t\t\t\t<\/div>","protected":false},"excerpt":{"rendered":"<p>A COOPVAL \u2013 Cooperativa Agr\u00edcola dos Fruticultores do Cadaval, CRL cumpre com as obriga\u00e7\u00f5es que para si decorrem da Lei de Prote\u00e7\u00e3o de Dados e da Lei de tratamento de dados pessoais e de prote\u00e7\u00e3o da privacidade no sector das telecomunica\u00e7\u00f5es eletr\u00f3nicas. A nossa Pol\u00edtica de Privacidade e Cookies explica como iremos tratar qualquer informa\u00e7\u00e3o &hellip;<\/p>\n<p class=\"read-more\"> <a class=\"\" href=\"https:\/\/www.coopval.com\/en\/politica-de-privacidade\/\"> <span class=\"screen-reader-text\">Privacy Policy<\/span> Read More &raquo;<\/a><\/p>","protected":false},"author":1,"featured_media":0,"parent":0,"menu_order":0,"comment_status":"closed","ping_status":"closed","template":"","meta":{"footnotes":""},"class_list":["post-476","page","type-page","status-publish","hentry"],"yoast_head":"<!-- This site is optimized with the Yoast SEO plugin v19.5.1 - https:\/\/yoast.com\/wordpress\/plugins\/seo\/ -->\n<title>Pol\u00edtica de Privacidade - Coopval<\/title>\n<meta name=\"description\" content=\"Pera rocha o melhor da nossa terra, uma riqueza produzida em Portugal\" \/>\n<meta name=\"robots\" content=\"index, follow, max-snippet:-1, max-image-preview:large, max-video-preview:-1\" \/>\n<link rel=\"canonical\" href=\"https:\/\/www.coopval.com\/en\/politica-de-privacidade\/\" \/>\n<meta property=\"og:locale\" content=\"en_GB\" \/>\n<meta property=\"og:type\" content=\"article\" \/>\n<meta property=\"og:title\" content=\"Pol\u00edtica de Privacidade - Coopval\" \/>\n<meta property=\"og:description\" content=\"Pera rocha o melhor da nossa terra, uma riqueza produzida em Portugal\" \/>\n<meta property=\"og:url\" content=\"https:\/\/www.coopval.com\/en\/politica-de-privacidade\/\" \/>\n<meta property=\"og:site_name\" content=\"Coopval\" \/>\n<meta property=\"article:publisher\" content=\"https:\/\/www.facebook.com\/coopval\/\" \/>\n<meta property=\"article:modified_time\" content=\"2020-03-30T13:50:01+00:00\" \/>\n<meta name=\"twitter:card\" content=\"summary_large_image\" \/>\n<meta name=\"twitter:label1\" content=\"Estimated reading time\" \/>\n\t<meta name=\"twitter:data1\" content=\"10 minutes\" \/>\n<script type=\"application\/ld+json\" class=\"yoast-schema-graph\">{\"@context\":\"https:\/\/schema.org\",\"@graph\":[{\"@type\":\"WebPage\",\"@id\":\"https:\/\/www.coopval.com\/politica-de-privacidade\/\",\"url\":\"https:\/\/www.coopval.com\/politica-de-privacidade\/\",\"name\":\"Pol\u00edtica de Privacidade - Coopval\",\"isPartOf\":{\"@id\":\"https:\/\/www.coopval.com\/#website\"},\"datePublished\":\"2020-03-30T09:32:21+00:00\",\"dateModified\":\"2020-03-30T13:50:01+00:00\",\"description\":\"Pera rocha o melhor da nossa terra, uma riqueza produzida em Portugal\",\"breadcrumb\":{\"@id\":\"https:\/\/www.coopval.com\/politica-de-privacidade\/#breadcrumb\"},\"inLanguage\":\"en-GB\",\"potentialAction\":[{\"@type\":\"ReadAction\",\"target\":[\"https:\/\/www.coopval.com\/politica-de-privacidade\/\"]}]},{\"@type\":\"BreadcrumbList\",\"@id\":\"https:\/\/www.coopval.com\/politica-de-privacidade\/#breadcrumb\",\"itemListElement\":[{\"@type\":\"ListItem\",\"position\":1,\"name\":\"In\u00edcio\",\"item\":\"https:\/\/www.coopval.com\/\"},{\"@type\":\"ListItem\",\"position\":2,\"name\":\"Pol\u00edtica de Privacidade\"}]},{\"@type\":\"WebSite\",\"@id\":\"https:\/\/www.coopval.com\/#website\",\"url\":\"https:\/\/www.coopval.com\/\",\"name\":\"Coopval\",\"description\":\"Coopval\",\"publisher\":{\"@id\":\"https:\/\/www.coopval.com\/#organization\"},\"potentialAction\":[{\"@type\":\"SearchAction\",\"target\":{\"@type\":\"EntryPoint\",\"urlTemplate\":\"https:\/\/www.coopval.com\/?s={search_term_string}\"},\"query-input\":\"required name=search_term_string\"}],\"inLanguage\":\"en-GB\"},{\"@type\":\"Organization\",\"@id\":\"https:\/\/www.coopval.com\/#organization\",\"name\":\"Coopval\",\"url\":\"https:\/\/www.coopval.com\/\",\"sameAs\":[\"https:\/\/www.facebook.com\/coopval\/\"],\"logo\":{\"@type\":\"ImageObject\",\"inLanguage\":\"en-GB\",\"@id\":\"https:\/\/www.coopval.com\/#\/schema\/logo\/image\/\",\"url\":\"https:\/\/www.coopval.com\/wp-content\/uploads\/2021\/10\/LogoPrincipalCor.png\",\"contentUrl\":\"https:\/\/www.coopval.com\/wp-content\/uploads\/2021\/10\/LogoPrincipalCor.png\",\"width\":2639,\"height\":2215,\"caption\":\"Coopval\"},\"image\":{\"@id\":\"https:\/\/www.coopval.com\/#\/schema\/logo\/image\/\"}}]}<\/script>\n<!-- \/ Yoast SEO plugin. -->","yoast_head_json":{"title":"Pol\u00edtica de Privacidade - Coopval","description":"Pera rocha o melhor da nossa terra, uma riqueza produzida em Portugal","robots":{"index":"index","follow":"follow","max-snippet":"max-snippet:-1","max-image-preview":"max-image-preview:large","max-video-preview":"max-video-preview:-1"},"canonical":"https:\/\/www.coopval.com\/en\/politica-de-privacidade\/","og_locale":"en_GB","og_type":"article","og_title":"Pol\u00edtica de Privacidade - Coopval","og_description":"Pera rocha o melhor da nossa terra, uma riqueza produzida em Portugal","og_url":"https:\/\/www.coopval.com\/en\/politica-de-privacidade\/","og_site_name":"Coopval","article_publisher":"https:\/\/www.facebook.com\/coopval\/","article_modified_time":"2020-03-30T13:50:01+00:00","twitter_card":"summary_large_image","twitter_misc":{"Estimated reading time":"10 minutes"},"schema":{"@context":"https:\/\/schema.org","@graph":[{"@type":"WebPage","@id":"https:\/\/www.coopval.com\/politica-de-privacidade\/","url":"https:\/\/www.coopval.com\/politica-de-privacidade\/","name":"Pol\u00edtica de Privacidade - Coopval","isPartOf":{"@id":"https:\/\/www.coopval.com\/#website"},"datePublished":"2020-03-30T09:32:21+00:00","dateModified":"2020-03-30T13:50:01+00:00","description":"Pera rocha o melhor da nossa terra, uma riqueza produzida em Portugal","breadcrumb":{"@id":"https:\/\/www.coopval.com\/politica-de-privacidade\/#breadcrumb"},"inLanguage":"en-GB","potentialAction":[{"@type":"ReadAction","target":["https:\/\/www.coopval.com\/politica-de-privacidade\/"]}]},{"@type":"BreadcrumbList","@id":"https:\/\/www.coopval.com\/politica-de-privacidade\/#breadcrumb","itemListElement":[{"@type":"ListItem","position":1,"name":"In\u00edcio","item":"https:\/\/www.coopval.com\/"},{"@type":"ListItem","position":2,"name":"Pol\u00edtica de Privacidade"}]},{"@type":"WebSite","@id":"https:\/\/www.coopval.com\/#website","url":"https:\/\/www.coopval.com\/","name":"Coopval","description":"Coopval","publisher":{"@id":"https:\/\/www.coopval.com\/#organization"},"potentialAction":[{"@type":"SearchAction","target":{"@type":"EntryPoint","urlTemplate":"https:\/\/www.coopval.com\/?s={search_term_string}"},"query-input":"required name=search_term_string"}],"inLanguage":"en-GB"},{"@type":"Organization","@id":"https:\/\/www.coopval.com\/#organization","name":"Coopval","url":"https:\/\/www.coopval.com\/","sameAs":["https:\/\/www.facebook.com\/coopval\/"],"logo":{"@type":"ImageObject","inLanguage":"en-GB","@id":"https:\/\/www.coopval.com\/#\/schema\/logo\/image\/","url":"https:\/\/www.coopval.com\/wp-content\/uploads\/2021\/10\/LogoPrincipalCor.png","contentUrl":"https:\/\/www.coopval.com\/wp-content\/uploads\/2021\/10\/LogoPrincipalCor.png","width":2639,"height":2215,"caption":"Coopval"},"image":{"@id":"https:\/\/www.coopval.com\/#\/schema\/logo\/image\/"}}]}},"_links":{"self":[{"href":"https:\/\/www.coopval.com\/en\/wp-json\/wp\/v2\/pages\/476","targetHints":{"allow":["GET"]}}],"collection":[{"href":"https:\/\/www.coopval.com\/en\/wp-json\/wp\/v2\/pages"}],"about":[{"href":"https:\/\/www.coopval.com\/en\/wp-json\/wp\/v2\/types\/page"}],"author":[{"embeddable":true,"href":"https:\/\/www.coopval.com\/en\/wp-json\/wp\/v2\/users\/1"}],"replies":[{"embeddable":true,"href":"https:\/\/www.coopval.com\/en\/wp-json\/wp\/v2\/comments?post=476"}],"version-history":[{"count":3,"href":"https:\/\/www.coopval.com\/en\/wp-json\/wp\/v2\/pages\/476\/revisions"}],"predecessor-version":[{"id":484,"href":"https:\/\/www.coopval.com\/en\/wp-json\/wp\/v2\/pages\/476\/revisions\/484"}],"wp:attachment":[{"href":"https:\/\/www.coopval.com\/en\/wp-json\/wp\/v2\/media?parent=476"}],"curies":[{"name":"wp","href":"https:\/\/api.w.org\/{rel}","templated":true}]}}