{"id":387,"date":"2020-03-18T12:38:03","date_gmt":"2020-03-18T12:38:03","guid":{"rendered":"https:\/\/www.coopval.com\/?page_id=387"},"modified":"2022-12-30T11:26:37","modified_gmt":"2022-12-30T11:26:37","slug":"contacte-nos","status":"publish","type":"page","link":"https:\/\/www.coopval.com\/en\/contacte-nos\/","title":{"rendered":"Contactos"},"content":{"rendered":"<div data-elementor-type=\"wp-page\" data-elementor-id=\"387\" class=\"elementor elementor-387\">\n\t\t\t\t\t\t<section class=\"has_eae_slider elementor-section elementor-top-section elementor-element elementor-element-7160369 elementor-section-content-top elementor-section-boxed elementor-section-height-default elementor-section-height-default\" data-eae-slider=\"29345\" data-id=\"7160369\" data-element_type=\"section\" data-e-type=\"section\">\n\t\t\t\t\t\t<div class=\"elementor-container elementor-column-gap-default\">\n\t\t\t\t\t<div class=\"has_eae_slider elementor-column elementor-col-50 elementor-top-column elementor-element elementor-element-f40bbf8 elementor-invisible\" data-eae-slider=\"16297\" data-id=\"f40bbf8\" data-element_type=\"column\" data-e-type=\"column\" data-settings=\"{&quot;animation&quot;:&quot;fadeInLeft&quot;}\">\n\t\t\t<div class=\"elementor-widget-wrap elementor-element-populated\">\n\t\t\t\t\t\t<div class=\"elementor-element elementor-element-c0dbaaf elementor-widget elementor-widget-heading\" data-id=\"c0dbaaf\" data-element_type=\"widget\" data-e-type=\"widget\" data-widget_type=\"heading.default\">\n\t\t\t\t<div class=\"elementor-widget-container\">\n\t\t\t\t\t<h2 class=\"elementor-heading-title elementor-size-default\">CONTACT US<\/h2>\t\t\t\t<\/div>\n\t\t\t\t<\/div>\n\t\t\t\t<div class=\"elementor-element elementor-element-ea82aaa elementor-button-align-stretch elementor-widget elementor-widget-form\" data-id=\"ea82aaa\" data-element_type=\"widget\" data-e-type=\"widget\" data-settings=\"{&quot;step_next_label&quot;:&quot;Next&quot;,&quot;step_previous_label&quot;:&quot;Previous&quot;,&quot;button_width&quot;:&quot;100&quot;,&quot;step_type&quot;:&quot;number_text&quot;,&quot;step_icon_shape&quot;:&quot;circle&quot;}\" data-widget_type=\"form.default\">\n\t\t\t\t<div class=\"elementor-widget-container\">\n\t\t\t\t\t\t\t<form class=\"elementor-form\" method=\"post\" name=\"Contacto Online\">\n\t\t\t<input type=\"hidden\" name=\"post_id\" value=\"387\"\/>\n\t\t\t<input type=\"hidden\" name=\"form_id\" value=\"ea82aaa\"\/>\n\t\t\t<input type=\"hidden\" name=\"referer_title\" value=\"Coopval\" \/>\n\n\t\t\t\n\t\t\t<div class=\"elementor-form-fields-wrapper elementor-labels-above\">\n\t\t\t\t\t\t\t\t<div class=\"elementor-field-type-text elementor-field-group elementor-column elementor-field-group-name elementor-col-100\">\n\t\t\t\t\t<input size=\"1\" type=\"text\" name=\"form_fields[name]\" id=\"form-field-name\" class=\"elementor-field elementor-size-sm  elementor-field-textual\" placeholder=\"Name\">\t\t\t\t<\/div>\n\t\t\t\t\t\t\t\t<div class=\"elementor-field-type-email elementor-field-group elementor-column elementor-field-group-email elementor-col-100 elementor-field-required\">\n\t\t\t\t\t<input size=\"1\" type=\"email\" name=\"form_fields[email]\" id=\"form-field-email\" class=\"elementor-field elementor-size-sm  elementor-field-textual\" placeholder=\"Email\" required=\"required\" aria-required=\"true\">\t\t\t\t<\/div>\n\t\t\t\t\t\t\t\t<div class=\"elementor-field-type-text elementor-field-group elementor-column elementor-field-group-field_1 elementor-col-100\">\n\t\t\t\t\t<input size=\"1\" type=\"text\" name=\"form_fields[field_1]\" id=\"form-field-field_1\" class=\"elementor-field elementor-size-sm  elementor-field-textual\" placeholder=\"Subject\">\t\t\t\t<\/div>\n\t\t\t\t\t\t\t\t<div class=\"elementor-field-type-textarea elementor-field-group elementor-column elementor-field-group-message elementor-col-100\">\n\t\t\t\t\t<textarea class=\"elementor-field-textual elementor-field  elementor-size-sm\" name=\"form_fields[message]\" id=\"form-field-message\" rows=\"4\" placeholder=\"Message\"><\/textarea>\t\t\t\t<\/div>\n\t\t\t\t\t\t\t\t<div class=\"elementor-field-group elementor-column elementor-field-type-submit elementor-col-100 e-form__buttons\">\n\t\t\t\t\t<button type=\"submit\" class=\"elementor-button elementor-size-sm\">\n\t\t\t\t\t\t<span >\n\t\t\t\t\t\t\t\t\t\t\t\t\t\t\t<span class=\"elementor-button-icon\">\n\t\t\t\t\t\t\t\t\t\t\t\t\t\t\t\t\t\t\t\t\t\t\t\t\t\t<\/span>\n\t\t\t\t\t\t\t\t\t\t\t\t\t\t\t\t\t\t\t\t\t\t<span class=\"elementor-button-text\">Send<\/span>\n\t\t\t\t\t\t\t\t\t\t\t\t\t<\/span>\n\t\t\t\t\t<\/button>\n\t\t\t\t<\/div>\n\t\t\t<\/div>\n\t\t<input type=\"hidden\" name=\"trp-form-language\" value=\"en\"\/><\/form>\n\t\t\t\t\t\t<\/div>\n\t\t\t\t<\/div>\n\t\t\t\t\t<\/div>\n\t\t<\/div>\n\t\t\t\t<div class=\"has_eae_slider elementor-column elementor-col-50 elementor-top-column elementor-element elementor-element-69aa95d elementor-invisible\" data-eae-slider=\"53070\" data-id=\"69aa95d\" data-element_type=\"column\" data-e-type=\"column\" data-settings=\"{&quot;animation&quot;:&quot;fadeInRight&quot;}\">\n\t\t\t<div class=\"elementor-widget-wrap elementor-element-populated\">\n\t\t\t\t\t\t<section class=\"has_eae_slider elementor-section elementor-inner-section elementor-element elementor-element-cbd2cba elementor-section-boxed elementor-section-height-default elementor-section-height-default\" data-eae-slider=\"98292\" data-id=\"cbd2cba\" data-element_type=\"section\" data-e-type=\"section\">\n\t\t\t\t\t\t<div class=\"elementor-container elementor-column-gap-default\">\n\t\t\t\t\t<div class=\"has_eae_slider elementor-column elementor-col-50 elementor-inner-column elementor-element elementor-element-2ae3789\" data-eae-slider=\"85838\" data-id=\"2ae3789\" data-element_type=\"column\" data-e-type=\"column\">\n\t\t\t<div class=\"elementor-widget-wrap elementor-element-populated\">\n\t\t\t\t\t\t<div class=\"elementor-element elementor-element-1fe2c92 elementor-view-default elementor-position-block-start elementor-mobile-position-block-start elementor-widget elementor-widget-icon-box\" data-id=\"1fe2c92\" data-element_type=\"widget\" data-e-type=\"widget\" data-widget_type=\"icon-box.default\">\n\t\t\t\t<div class=\"elementor-widget-container\">\n\t\t\t\t\t\t\t<div class=\"elementor-icon-box-wrapper\">\n\n\t\t\t\t\t\t<div class=\"elementor-icon-box-icon\">\n\t\t\t\t<span  class=\"elementor-icon\">\n\t\t\t\t<i aria-hidden=\"true\" class=\"fas fa-map-marker-alt\"><\/i>\t\t\t\t<\/span>\n\t\t\t<\/div>\n\t\t\t\n\t\t\t\t\t\t<div class=\"elementor-icon-box-content\">\n\n\t\t\t\t\n\t\t\t\t\t\t\t\t\t<p class=\"elementor-icon-box-description\">\n\t\t\t\t\t\tEstrada Nacional 115, Km 26\n2550-108 Cadaval | Portugal\n\t\t\t\t\t<\/p>\n\t\t\t\t\n\t\t\t<\/div>\n\t\t\t\n\t\t<\/div>\n\t\t\t\t\t\t<\/div>\n\t\t\t\t<\/div>\n\t\t\t\t\t<\/div>\n\t\t<\/div>\n\t\t\t\t<div class=\"has_eae_slider elementor-column elementor-col-50 elementor-inner-column elementor-element elementor-element-5ae17aa\" data-eae-slider=\"60111\" data-id=\"5ae17aa\" data-element_type=\"column\" data-e-type=\"column\">\n\t\t\t<div class=\"elementor-widget-wrap elementor-element-populated\">\n\t\t\t\t\t\t<div class=\"elementor-element elementor-element-975d597 elementor-view-default elementor-position-block-start elementor-mobile-position-block-start elementor-widget elementor-widget-icon-box\" data-id=\"975d597\" data-element_type=\"widget\" data-e-type=\"widget\" data-widget_type=\"icon-box.default\">\n\t\t\t\t<div class=\"elementor-widget-container\">\n\t\t\t\t\t\t\t<div class=\"elementor-icon-box-wrapper\">\n\n\t\t\t\t\t\t<div class=\"elementor-icon-box-icon\">\n\t\t\t\t<a href=\"mailto:coopval@coopval.com\" class=\"elementor-icon\" tabindex=\"-1\">\n\t\t\t\t<i aria-hidden=\"true\" class=\"far fa-envelope-open\"><\/i>\t\t\t\t<\/a>\n\t\t\t<\/div>\n\t\t\t\n\t\t\t\t\t\t<div class=\"elementor-icon-box-content\">\n\n\t\t\t\t\n\t\t\t\t\t\t\t\t\t<p class=\"elementor-icon-box-description\">\n\t\t\t\t\t\tcoopval@coopval.com\n\t\t\t\t\t<\/p>\n\t\t\t\t\n\t\t\t<\/div>\n\t\t\t\n\t\t<\/div>\n\t\t\t\t\t\t<\/div>\n\t\t\t\t<\/div>\n\t\t\t\t\t<\/div>\n\t\t<\/div>\n\t\t\t\t\t<\/div>\n\t\t<\/section>\n\t\t\t\t<section class=\"has_eae_slider elementor-section elementor-inner-section elementor-element elementor-element-38e1330 elementor-section-boxed elementor-section-height-default elementor-section-height-default\" data-eae-slider=\"79888\" data-id=\"38e1330\" data-element_type=\"section\" data-e-type=\"section\">\n\t\t\t\t\t\t<div class=\"elementor-container elementor-column-gap-default\">\n\t\t\t\t\t<div class=\"has_eae_slider elementor-column elementor-col-50 elementor-inner-column elementor-element elementor-element-e59461c\" data-eae-slider=\"40541\" data-id=\"e59461c\" data-element_type=\"column\" data-e-type=\"column\">\n\t\t\t<div class=\"elementor-widget-wrap elementor-element-populated\">\n\t\t\t\t\t\t<div class=\"elementor-element elementor-element-4d34d52 elementor-view-default elementor-position-block-start elementor-mobile-position-block-start elementor-widget elementor-widget-icon-box\" data-id=\"4d34d52\" data-element_type=\"widget\" data-e-type=\"widget\" data-widget_type=\"icon-box.default\">\n\t\t\t\t<div class=\"elementor-widget-container\">\n\t\t\t\t\t\t\t<div class=\"elementor-icon-box-wrapper\">\n\n\t\t\t\t\t\t<div class=\"elementor-icon-box-icon\">\n\t\t\t\t<span  class=\"elementor-icon\">\n\t\t\t\t<i aria-hidden=\"true\" class=\"fas fa-phone-alt\"><\/i>\t\t\t\t<\/span>\n\t\t\t<\/div>\n\t\t\t\n\t\t\t\t\t\t<div class=\"elementor-icon-box-content\">\n\n\t\t\t\t\n\t\t\t\t\t\t\t\t\t<p class=\"elementor-icon-box-description\">\n\t\t\t\t\t\t(+351) 262 690 000\n<\/br>\nChamada para a rede fixa nacional\t\t\t\t\t<\/p>\n\t\t\t\t\n\t\t\t<\/div>\n\t\t\t\n\t\t<\/div>\n\t\t\t\t\t\t<\/div>\n\t\t\t\t<\/div>\n\t\t\t\t\t<\/div>\n\t\t<\/div>\n\t\t\t\t<div class=\"has_eae_slider elementor-column elementor-col-50 elementor-inner-column elementor-element elementor-element-9b232c6\" data-eae-slider=\"80145\" data-id=\"9b232c6\" data-element_type=\"column\" data-e-type=\"column\">\n\t\t\t<div class=\"elementor-widget-wrap elementor-element-populated\">\n\t\t\t\t\t\t<div class=\"elementor-element elementor-element-a6f8c8e elementor-view-default elementor-position-block-start elementor-mobile-position-block-start elementor-widget elementor-widget-icon-box\" data-id=\"a6f8c8e\" data-element_type=\"widget\" data-e-type=\"widget\" data-widget_type=\"icon-box.default\">\n\t\t\t\t<div class=\"elementor-widget-container\">\n\t\t\t\t\t\t\t<div class=\"elementor-icon-box-wrapper\">\n\n\t\t\t\t\t\t<div class=\"elementor-icon-box-icon\">\n\t\t\t\t<span  class=\"elementor-icon\">\n\t\t\t\t<i aria-hidden=\"true\" class=\"far fa-clock\"><\/i>\t\t\t\t<\/span>\n\t\t\t<\/div>\n\t\t\t\n\t\t\t\t\t\t<div class=\"elementor-icon-box-content\">\n\n\t\t\t\t\n\t\t\t\t\t\t\t\t\t<p class=\"elementor-icon-box-description\">\n\t\t\t\t\t\tSeg - Sexta: 08h30 - 18h00<br>\n\nLoja:<br>\nSeg - Sexta: 09h00 - 18h30<br>\nS\u00e1bado: 09h00 - 13h00\t\t\t\t\t<\/p>\n\t\t\t\t\n\t\t\t<\/div>\n\t\t\t\n\t\t<\/div>\n\t\t\t\t\t\t<\/div>\n\t\t\t\t<\/div>\n\t\t\t\t\t<\/div>\n\t\t<\/div>\n\t\t\t\t\t<\/div>\n\t\t<\/section>\n\t\t\t\t\t<\/div>\n\t\t<\/div>\n\t\t\t\t\t<\/div>\n\t\t<\/section>\n\t\t\t\t<section class=\"has_eae_slider elementor-section elementor-top-section elementor-element elementor-element-d0a4e88 elementor-section-stretched elementor-section-full_width elementor-section-height-default elementor-section-height-default\" data-eae-slider=\"22596\" data-id=\"d0a4e88\" data-element_type=\"section\" data-e-type=\"section\" data-settings=\"{&quot;stretch_section&quot;:&quot;section-stretched&quot;}\">\n\t\t\t\t\t\t<div class=\"elementor-container elementor-column-gap-default\">\n\t\t\t\t\t<div class=\"has_eae_slider elementor-column elementor-col-100 elementor-top-column elementor-element elementor-element-75afdd2\" data-eae-slider=\"24038\" data-id=\"75afdd2\" data-element_type=\"column\" data-e-type=\"column\">\n\t\t\t<div class=\"elementor-widget-wrap elementor-element-populated\">\n\t\t\t\t\t\t<div class=\"elementor-element elementor-element-fc995ab elementor-widget elementor-widget-google_maps\" data-id=\"fc995ab\" data-element_type=\"widget\" data-e-type=\"widget\" data-widget_type=\"google_maps.default\">\n\t\t\t\t<div class=\"elementor-widget-container\">\n\t\t\t\t\t\t\t<div class=\"elementor-custom-embed\">\n\t\t\t<iframe loading=\"lazy\"\n\t\t\t\t\tsrc=\"https:\/\/maps.google.com\/maps?q=Coopval&#038;t=m&#038;z=7&#038;output=embed&#038;iwloc=near\"\n\t\t\t\t\ttitle=\"Coopval\"\n\t\t\t\t\taria-label=\"Coopval\"\n\t\t\t><\/iframe>\n\t\t<\/div>\n\t\t\t\t\t\t<\/div>\n\t\t\t\t<\/div>\n\t\t\t\t\t<\/div>\n\t\t<\/div>\n\t\t\t\t\t<\/div>\n\t\t<\/section>\n\t\t\t\t<\/div>","protected":false},"excerpt":{"rendered":"<p>CONTACTE-NOS Estrada Nacional 115, Km 26 2550-108 Cadaval | Portugal coopval@coopval.com (+351) 262 690 000 Chamada para a rede fixa nacional Seg &#8211; Sexta: 08h30 &#8211; 18h00 Loja: Seg &#8211; Sexta: 09h00 &#8211; 18h30 S\u00e1bado: 09h00 &#8211; 13h00<\/p>","protected":false},"author":1,"featured_media":0,"parent":0,"menu_order":0,"comment_status":"closed","ping_status":"closed","template":"","meta":{"footnotes":""},"class_list":["post-387","page","type-page","status-publish","hentry"],"yoast_head":"<!-- This site is optimized with the Yoast SEO plugin v19.5.1 - https:\/\/yoast.com\/wordpress\/plugins\/seo\/ -->\n<title>CONTACTE-NOS - Coopval - Pera Rocha - Ma\u00e7\u00e3 Gala - Ma\u00e7\u00e3 Fuji - Fruta<\/title>\n<meta name=\"description\" content=\"CONTACTE-NOS - Estrada Nacional 115, Km 26 2550-108 Cadaval | Portugal - 262 690 000 - coopval@coopval.com -Pera Rocha-Ma\u00e7\u00e3 Gala- Ma\u00e7\u00e3 Fuji\" \/>\n<meta name=\"robots\" content=\"index, follow, max-snippet:-1, max-image-preview:large, max-video-preview:-1\" \/>\n<link rel=\"canonical\" href=\"https:\/\/www.coopval.com\/en\/contacte-nos\/\" \/>\n<meta property=\"og:locale\" content=\"en_GB\" \/>\n<meta property=\"og:type\" content=\"article\" \/>\n<meta property=\"og:title\" content=\"CONTACTE-NOS - Coopval - Pera Rocha - Ma\u00e7\u00e3 Gala - Ma\u00e7\u00e3 Fuji - Fruta\" \/>\n<meta property=\"og:description\" content=\"CONTACTE-NOS - Estrada Nacional 115, Km 26 2550-108 Cadaval | Portugal - 262 690 000 - coopval@coopval.com -Pera Rocha-Ma\u00e7\u00e3 Gala- Ma\u00e7\u00e3 Fuji\" \/>\n<meta property=\"og:url\" content=\"https:\/\/www.coopval.com\/en\/contacte-nos\/\" \/>\n<meta property=\"og:site_name\" content=\"Coopval\" \/>\n<meta property=\"article:publisher\" content=\"https:\/\/www.facebook.com\/coopval\/\" \/>\n<meta property=\"article:modified_time\" content=\"2022-12-30T11:26:37+00:00\" \/>\n<meta name=\"twitter:card\" content=\"summary_large_image\" \/>\n<script type=\"application\/ld+json\" class=\"yoast-schema-graph\">{\"@context\":\"https:\/\/schema.org\",\"@graph\":[{\"@type\":\"WebPage\",\"@id\":\"https:\/\/www.coopval.com\/contacte-nos\/\",\"url\":\"https:\/\/www.coopval.com\/contacte-nos\/\",\"name\":\"CONTACTE-NOS - Coopval - Pera Rocha - Ma\u00e7\u00e3 Gala - Ma\u00e7\u00e3 Fuji - Fruta\",\"isPartOf\":{\"@id\":\"https:\/\/www.coopval.com\/#website\"},\"datePublished\":\"2020-03-18T12:38:03+00:00\",\"dateModified\":\"2022-12-30T11:26:37+00:00\",\"description\":\"CONTACTE-NOS - Estrada Nacional 115, Km 26 2550-108 Cadaval | Portugal - 262 690 000 - coopval@coopval.com -Pera Rocha-Ma\u00e7\u00e3 Gala- Ma\u00e7\u00e3 Fuji\",\"breadcrumb\":{\"@id\":\"https:\/\/www.coopval.com\/contacte-nos\/#breadcrumb\"},\"inLanguage\":\"en-GB\",\"potentialAction\":[{\"@type\":\"ReadAction\",\"target\":[\"https:\/\/www.coopval.com\/contacte-nos\/\"]}]},{\"@type\":\"BreadcrumbList\",\"@id\":\"https:\/\/www.coopval.com\/contacte-nos\/#breadcrumb\",\"itemListElement\":[{\"@type\":\"ListItem\",\"position\":1,\"name\":\"In\u00edcio\",\"item\":\"https:\/\/www.coopval.com\/\"},{\"@type\":\"ListItem\",\"position\":2,\"name\":\"Contactos\"}]},{\"@type\":\"WebSite\",\"@id\":\"https:\/\/www.coopval.com\/#website\",\"url\":\"https:\/\/www.coopval.com\/\",\"name\":\"Coopval\",\"description\":\"Coopval\",\"publisher\":{\"@id\":\"https:\/\/www.coopval.com\/#organization\"},\"potentialAction\":[{\"@type\":\"SearchAction\",\"target\":{\"@type\":\"EntryPoint\",\"urlTemplate\":\"https:\/\/www.coopval.com\/?s={search_term_string}\"},\"query-input\":\"required name=search_term_string\"}],\"inLanguage\":\"en-GB\"},{\"@type\":\"Organization\",\"@id\":\"https:\/\/www.coopval.com\/#organization\",\"name\":\"Coopval\",\"url\":\"https:\/\/www.coopval.com\/\",\"sameAs\":[\"https:\/\/www.facebook.com\/coopval\/\"],\"logo\":{\"@type\":\"ImageObject\",\"inLanguage\":\"en-GB\",\"@id\":\"https:\/\/www.coopval.com\/#\/schema\/logo\/image\/\",\"url\":\"https:\/\/www.coopval.com\/wp-content\/uploads\/2021\/10\/LogoPrincipalCor.png\",\"contentUrl\":\"https:\/\/www.coopval.com\/wp-content\/uploads\/2021\/10\/LogoPrincipalCor.png\",\"width\":2639,\"height\":2215,\"caption\":\"Coopval\"},\"image\":{\"@id\":\"https:\/\/www.coopval.com\/#\/schema\/logo\/image\/\"}}]}<\/script>\n<!-- \/ Yoast SEO plugin. -->","yoast_head_json":{"title":"CONTACTE-NOS - Coopval - Pera Rocha - Ma\u00e7\u00e3 Gala - Ma\u00e7\u00e3 Fuji - Fruta","description":"CONTACTE-NOS - Estrada Nacional 115, Km 26 2550-108 Cadaval | Portugal - 262 690 000 - coopval@coopval.com -Pera Rocha-Ma\u00e7\u00e3 Gala- Ma\u00e7\u00e3 Fuji","robots":{"index":"index","follow":"follow","max-snippet":"max-snippet:-1","max-image-preview":"max-image-preview:large","max-video-preview":"max-video-preview:-1"},"canonical":"https:\/\/www.coopval.com\/en\/contacte-nos\/","og_locale":"en_GB","og_type":"article","og_title":"CONTACTE-NOS - Coopval - Pera Rocha - Ma\u00e7\u00e3 Gala - Ma\u00e7\u00e3 Fuji - Fruta","og_description":"CONTACTE-NOS - Estrada Nacional 115, Km 26 2550-108 Cadaval | Portugal - 262 690 000 - coopval@coopval.com -Pera Rocha-Ma\u00e7\u00e3 Gala- Ma\u00e7\u00e3 Fuji","og_url":"https:\/\/www.coopval.com\/en\/contacte-nos\/","og_site_name":"Coopval","article_publisher":"https:\/\/www.facebook.com\/coopval\/","article_modified_time":"2022-12-30T11:26:37+00:00","twitter_card":"summary_large_image","schema":{"@context":"https:\/\/schema.org","@graph":[{"@type":"WebPage","@id":"https:\/\/www.coopval.com\/contacte-nos\/","url":"https:\/\/www.coopval.com\/contacte-nos\/","name":"CONTACTE-NOS - Coopval - Pera Rocha - Ma\u00e7\u00e3 Gala - Ma\u00e7\u00e3 Fuji - Fruta","isPartOf":{"@id":"https:\/\/www.coopval.com\/#website"},"datePublished":"2020-03-18T12:38:03+00:00","dateModified":"2022-12-30T11:26:37+00:00","description":"CONTACTE-NOS - Estrada Nacional 115, Km 26 2550-108 Cadaval | Portugal - 262 690 000 - coopval@coopval.com -Pera Rocha-Ma\u00e7\u00e3 Gala- Ma\u00e7\u00e3 Fuji","breadcrumb":{"@id":"https:\/\/www.coopval.com\/contacte-nos\/#breadcrumb"},"inLanguage":"en-GB","potentialAction":[{"@type":"ReadAction","target":["https:\/\/www.coopval.com\/contacte-nos\/"]}]},{"@type":"BreadcrumbList","@id":"https:\/\/www.coopval.com\/contacte-nos\/#breadcrumb","itemListElement":[{"@type":"ListItem","position":1,"name":"In\u00edcio","item":"https:\/\/www.coopval.com\/"},{"@type":"ListItem","position":2,"name":"Contactos"}]},{"@type":"WebSite","@id":"https:\/\/www.coopval.com\/#website","url":"https:\/\/www.coopval.com\/","name":"Coopval","description":"Coopval","publisher":{"@id":"https:\/\/www.coopval.com\/#organization"},"potentialAction":[{"@type":"SearchAction","target":{"@type":"EntryPoint","urlTemplate":"https:\/\/www.coopval.com\/?s={search_term_string}"},"query-input":"required name=search_term_string"}],"inLanguage":"en-GB"},{"@type":"Organization","@id":"https:\/\/www.coopval.com\/#organization","name":"Coopval","url":"https:\/\/www.coopval.com\/","sameAs":["https:\/\/www.facebook.com\/coopval\/"],"logo":{"@type":"ImageObject","inLanguage":"en-GB","@id":"https:\/\/www.coopval.com\/#\/schema\/logo\/image\/","url":"https:\/\/www.coopval.com\/wp-content\/uploads\/2021\/10\/LogoPrincipalCor.png","contentUrl":"https:\/\/www.coopval.com\/wp-content\/uploads\/2021\/10\/LogoPrincipalCor.png","width":2639,"height":2215,"caption":"Coopval"},"image":{"@id":"https:\/\/www.coopval.com\/#\/schema\/logo\/image\/"}}]}},"_links":{"self":[{"href":"https:\/\/www.coopval.com\/en\/wp-json\/wp\/v2\/pages\/387","targetHints":{"allow":["GET"]}}],"collection":[{"href":"https:\/\/www.coopval.com\/en\/wp-json\/wp\/v2\/pages"}],"about":[{"href":"https:\/\/www.coopval.com\/en\/wp-json\/wp\/v2\/types\/page"}],"author":[{"embeddable":true,"href":"https:\/\/www.coopval.com\/en\/wp-json\/wp\/v2\/users\/1"}],"replies":[{"embeddable":true,"href":"https:\/\/www.coopval.com\/en\/wp-json\/wp\/v2\/comments?post=387"}],"version-history":[{"count":20,"href":"https:\/\/www.coopval.com\/en\/wp-json\/wp\/v2\/pages\/387\/revisions"}],"predecessor-version":[{"id":633,"href":"https:\/\/www.coopval.com\/en\/wp-json\/wp\/v2\/pages\/387\/revisions\/633"}],"wp:attachment":[{"href":"https:\/\/www.coopval.com\/en\/wp-json\/wp\/v2\/media?parent=387"}],"curies":[{"name":"wp","href":"https:\/\/api.w.org\/{rel}","templated":true}]}}