{"id":19,"date":"2020-02-13T14:54:29","date_gmt":"2020-02-13T14:54:29","guid":{"rendered":"https:\/\/www.coopval.com\/?page_id=19"},"modified":"2021-12-16T16:31:35","modified_gmt":"2021-12-16T16:31:35","slug":"home","status":"publish","type":"page","link":"https:\/\/www.coopval.com\/en\/","title":{"rendered":"Home"},"content":{"rendered":"<div data-elementor-type=\"wp-page\" data-elementor-id=\"19\" class=\"elementor elementor-19\">\n\t\t\t\t\t\t<section class=\"has_eae_slider elementor-section elementor-top-section elementor-element elementor-element-dc50acb elementor-section-full_width elementor-section-height-full elementor-section-height-default elementor-section-items-middle\" data-eae-slider=\"50368\" data-id=\"dc50acb\" data-element_type=\"section\" data-e-type=\"section\">\n\t\t\t\t\t\t<div class=\"elementor-container elementor-column-gap-default\">\n\t\t\t\t\t<div class=\"has_eae_slider elementor-column elementor-col-100 elementor-top-column elementor-element elementor-element-081b08b\" data-eae-slider=\"74494\" data-id=\"081b08b\" data-element_type=\"column\" data-e-type=\"column\">\n\t\t\t<div class=\"elementor-widget-wrap elementor-element-populated\">\n\t\t\t\t\t\t<div class=\"elementor-element elementor-element-621df3d elementor-widget elementor-widget-slider_revolution\" data-id=\"621df3d\" data-element_type=\"widget\" data-e-type=\"widget\" data-widget_type=\"slider_revolution.default\">\n\t\t\t\t<div class=\"elementor-widget-container\">\n\t\t\t\t\t\r\n\t\t<div class=\"wp-block-themepunch-revslider\">\n\t\t\t<!-- START Slider 1 REVOLUTION SLIDER 6.1.8 --><p class=\"rs-p-wp-fix\"><\/p>\n\t\t\t<rs-module-wrap id=\"rev_slider_1_1_wrapper\" data-source=\"gallery\" style=\"background:transparent;padding:0;\">\n\t\t\t\t<rs-module id=\"rev_slider_1_1\" style=\"display:none;\" data-version=\"6.1.8\">\n\t\t\t\t\t<rs-slides>\n\t\t\t\t\t\t<rs-slide data-key=\"rs-1\" data-title=\"Slide\" data-anim=\"ei:d;eo:d;s:1000;r:0;t:fade;sl:0;\">\n\t\t\t\t\t\t\t<img decoding=\"async\" src=\"\/\/www.coopval.com\/wp-content\/plugins\/revslider\/public\/assets\/assets\/transparent.png\" title=\"Home\" class=\"rev-slidebg\" data-no-retina>\n<!--\n\t\t\t\t\t\t\t--><rs-layer\n\t\t\t\t\t\t\t\tid=\"slider-1-slide-1-layer-1\" \n\t\t\t\t\t\t\t\tdata-type=\"image\"\n\t\t\t\t\t\t\t\tdata-rsp_ch=\"on\"\n\t\t\t\t\t\t\t\tdata-xy=\"x:l,l,l,c;xo:-359px,-359px,-359px,0;y:b;yo:-452px,-452px,-452px,0;\"\n\t\t\t\t\t\t\t\tdata-text=\"w:normal;s:20,20,20,7;l:0,0,0,9;\"\n\t\t\t\t\t\t\t\tdata-dim=\"w:962px,962px,962px,372px;h:751px,751px,751px,290px;\"\n\t\t\t\t\t\t\t\tdata-vbility=\"t,t,t,f\"\n\t\t\t\t\t\t\t\tdata-frame_999=\"o:0;st:w;\"\n\t\t\t\t\t\t\t\tstyle=\"z-index:10;\"\n\t\t\t\t\t\t\t><img fetchpriority=\"high\" decoding=\"async\" src=\"\/\/www.coopval.com\/wp-content\/uploads\/2020\/02\/Coopval_Site2.png\" width=\"1000\" height=\"781\" data-no-retina> \n\t\t\t\t\t\t\t<\/rs-layer><!--\n\n\t\t\t\t\t\t\t--><rs-layer\n\t\t\t\t\t\t\t\tid=\"slider-1-slide-1-layer-3\" \n\t\t\t\t\t\t\t\tclass=\"rs-fsv rs-nolc rs-layer-video\"\n\t\t\t\t\t\t\t\tdata-type=\"video\"\n\t\t\t\t\t\t\t\tdata-rsp_ch=\"on\"\n\t\t\t\t\t\t\t\tdata-xy=\"x:0;y:0;\"\n\t\t\t\t\t\t\t\tdata-text=\"w:normal;s:20,20,20,7;l:0,0,0,9;\"\n\t\t\t\t\t\t\t\tdata-dim=\"w:100%;h:100%;\"\n\t\t\t\t\t\t\t\tdata-basealign=\"slide\"\n\t\t\t\t\t\t\t\tdata-video=\"vd:100;fc:true;l:true;ptimer:false;nse:f;\"\n\t\t\t\t\t\t\t\tdata-mp4=\"\/\/www.coopval.com\/wp-content\/uploads\/2020\/02\/COOPVAL-SITE-1.mov\"\n\t\t\t\t\t\t\t\tdata-frame_999=\"o:0;st:w;\"\n\t\t\t\t\t\t\t\tstyle=\"z-index:9;\"\n\t\t\t\t\t\t\t>\n\t\t\t\t\t\t\t<\/rs-layer><!--\n-->\t\t\t\t\t\t<\/rs-slide>\n\t\t\t\t\t<\/rs-slides>\n\t\t\t\t\t<rs-progress class=\"rs-bottom\" style=\"visibility: hidden !important;\"><\/rs-progress>\n\t\t\t\t<\/rs-module>\n\t\t\t\t<script type=\"text\/javascript\">\n\t\t\t\t\tsetREVStartSize({c: 'rev_slider_1_1',rl:[1240,1240,1240,480],el:[900,900,900,348],gw:[1240,1240,1240,480],gh:[900,900,900,720],type:'hero',justify:'',layout:'fullscreen',offsetContainer:'',offset:'',mh:\"0\"});\n\t\t\t\t\tvar\trevapi1,\n\t\t\t\t\t\ttpj;\n\t\t\t\t\tjQuery(function() {\n\t\t\t\t\t\ttpj = jQuery;\n\t\t\t\t\t\tif(tpj(\"#rev_slider_1_1\").revolution == undefined){\n\t\t\t\t\t\t\trevslider_showDoubleJqueryError(\"#rev_slider_1_1\");\n\t\t\t\t\t\t}else{\n\t\t\t\t\t\t\trevapi1 = tpj(\"#rev_slider_1_1\").show().revolution({\n\t\t\t\t\t\t\t\tsliderType:\"hero\",\n\t\t\t\t\t\t\t\tjsFileLocation:\"\/\/www.coopval.com\/wp-content\/plugins\/revslider\/public\/assets\/js\/\",\n\t\t\t\t\t\t\t\tsliderLayout:\"fullscreen\",\n\t\t\t\t\t\t\t\tvisibilityLevels:\"1240,1240,1240,480\",\n\t\t\t\t\t\t\t\tgridwidth:\"1240,1240,1240,480\",\n\t\t\t\t\t\t\t\tgridheight:\"900,900,900,720\",\n\t\t\t\t\t\t\t\tspinner:\"spinner0\",\n\t\t\t\t\t\t\t\teditorheight:\"900,768,960,348\",\n\t\t\t\t\t\t\t\tresponsiveLevels:\"1240,1240,1240,480\",\n\t\t\t\t\t\t\t\tdisableProgressBar:\"on\",\n\t\t\t\t\t\t\t\tnavigation: {\n\t\t\t\t\t\t\t\t\tonHoverStop:false\n\t\t\t\t\t\t\t\t},\n\t\t\t\t\t\t\t\tfallbacks: {\n\t\t\t\t\t\t\t\t\tallowHTML5AutoPlayOnAndroid:true\n\t\t\t\t\t\t\t\t},\n\t\t\t\t\t\t\t});\n\t\t\t\t\t\t}\n\t\t\t\t\t\t\n\t\t\t\t\t});\n\t\t\t\t<\/script>\n\t\t\t<\/rs-module-wrap>\n\t\t\t<!-- END REVOLUTION SLIDER -->\n<\/div>\r\n\r\n\t\t\t\t\t\t<\/div>\n\t\t\t\t<\/div>\n\t\t\t\t\t<\/div>\n\t\t<\/div>\n\t\t\t\t\t<\/div>\n\t\t<\/section>\n\t\t\t\t<\/div>","protected":false},"excerpt":{"rendered":"","protected":false},"author":1,"featured_media":0,"parent":0,"menu_order":0,"comment_status":"closed","ping_status":"closed","template":"","meta":{"footnotes":""},"class_list":["post-19","page","type-page","status-publish","hentry"],"yoast_head":"<!-- This site is optimized with the Yoast SEO plugin v19.5.1 - https:\/\/yoast.com\/wordpress\/plugins\/seo\/ -->\n<title>Coopval - Pera-Rocha - Pera Morettini - Ma\u00e7\u00e3 Royal Gala - Ma\u00e7\u00e3 Fuji- Pera<\/title>\n<meta name=\"description\" content=\"Coopval - Pera-Rocha - Pera Morettini - Ma\u00e7\u00e3 Royal Gala - Ma\u00e7\u00e3 Fuji - Pera rocha o melhor da nossa terra, uma riqueza produzida em Portugal!\" \/>\n<meta name=\"robots\" content=\"index, follow, max-snippet:-1, max-image-preview:large, max-video-preview:-1\" \/>\n<link rel=\"canonical\" href=\"https:\/\/www.coopval.com\/en\/\" \/>\n<meta property=\"og:locale\" content=\"en_GB\" \/>\n<meta property=\"og:type\" content=\"article\" \/>\n<meta property=\"og:title\" content=\"Coopval - Pera-Rocha - Pera Morettini - Ma\u00e7\u00e3 Royal Gala - Ma\u00e7\u00e3 Fuji- Pera\" \/>\n<meta property=\"og:description\" content=\"Coopval - Pera-Rocha - Pera Morettini - Ma\u00e7\u00e3 Royal Gala - Ma\u00e7\u00e3 Fuji - Pera rocha o melhor da nossa terra, uma riqueza produzida em Portugal!\" \/>\n<meta property=\"og:url\" content=\"https:\/\/www.coopval.com\/en\/\" \/>\n<meta property=\"og:site_name\" content=\"Coopval\" \/>\n<meta property=\"article:publisher\" content=\"https:\/\/www.facebook.com\/coopval\/\" \/>\n<meta property=\"article:modified_time\" content=\"2021-12-16T16:31:35+00:00\" \/>\n<meta name=\"twitter:card\" content=\"summary_large_image\" \/>\n<meta name=\"twitter:label1\" content=\"Estimated reading time\" \/>\n\t<meta name=\"twitter:data1\" content=\"1 minute\" \/>\n<script type=\"application\/ld+json\" class=\"yoast-schema-graph\">{\"@context\":\"https:\/\/schema.org\",\"@graph\":[{\"@type\":\"WebPage\",\"@id\":\"https:\/\/www.coopval.com\/\",\"url\":\"https:\/\/www.coopval.com\/\",\"name\":\"Coopval - Pera-Rocha - Pera Morettini - Ma\u00e7\u00e3 Royal Gala - Ma\u00e7\u00e3 Fuji- Pera\",\"isPartOf\":{\"@id\":\"https:\/\/www.coopval.com\/#website\"},\"datePublished\":\"2020-02-13T14:54:29+00:00\",\"dateModified\":\"2021-12-16T16:31:35+00:00\",\"description\":\"Coopval - Pera-Rocha - Pera Morettini - Ma\u00e7\u00e3 Royal Gala - Ma\u00e7\u00e3 Fuji - Pera rocha o melhor da nossa terra, uma riqueza produzida em Portugal!\",\"breadcrumb\":{\"@id\":\"https:\/\/www.coopval.com\/#breadcrumb\"},\"inLanguage\":\"en-GB\",\"potentialAction\":[{\"@type\":\"ReadAction\",\"target\":[\"https:\/\/www.coopval.com\/\"]}]},{\"@type\":\"BreadcrumbList\",\"@id\":\"https:\/\/www.coopval.com\/#breadcrumb\",\"itemListElement\":[{\"@type\":\"ListItem\",\"position\":1,\"name\":\"In\u00edcio\",\"item\":\"https:\/\/www.coopval.com\/\"},{\"@type\":\"ListItem\",\"position\":2,\"name\":\"Home\"}]},{\"@type\":\"WebSite\",\"@id\":\"https:\/\/www.coopval.com\/#website\",\"url\":\"https:\/\/www.coopval.com\/\",\"name\":\"Coopval\",\"description\":\"Coopval\",\"publisher\":{\"@id\":\"https:\/\/www.coopval.com\/#organization\"},\"potentialAction\":[{\"@type\":\"SearchAction\",\"target\":{\"@type\":\"EntryPoint\",\"urlTemplate\":\"https:\/\/www.coopval.com\/?s={search_term_string}\"},\"query-input\":\"required name=search_term_string\"}],\"inLanguage\":\"en-GB\"},{\"@type\":\"Organization\",\"@id\":\"https:\/\/www.coopval.com\/#organization\",\"name\":\"Coopval\",\"url\":\"https:\/\/www.coopval.com\/\",\"sameAs\":[\"https:\/\/www.facebook.com\/coopval\/\"],\"logo\":{\"@type\":\"ImageObject\",\"inLanguage\":\"en-GB\",\"@id\":\"https:\/\/www.coopval.com\/#\/schema\/logo\/image\/\",\"url\":\"https:\/\/www.coopval.com\/wp-content\/uploads\/2021\/10\/LogoPrincipalCor.png\",\"contentUrl\":\"https:\/\/www.coopval.com\/wp-content\/uploads\/2021\/10\/LogoPrincipalCor.png\",\"width\":2639,\"height\":2215,\"caption\":\"Coopval\"},\"image\":{\"@id\":\"https:\/\/www.coopval.com\/#\/schema\/logo\/image\/\"}}]}<\/script>\n<!-- \/ Yoast SEO plugin. -->","yoast_head_json":{"title":"Coopval - Pera-Rocha - Pera Morettini - Ma\u00e7\u00e3 Royal Gala - Ma\u00e7\u00e3 Fuji- Pera","description":"Coopval - Pera-Rocha - Pera Morettini - Ma\u00e7\u00e3 Royal Gala - Ma\u00e7\u00e3 Fuji - Pera rocha o melhor da nossa terra, uma riqueza produzida em Portugal!","robots":{"index":"index","follow":"follow","max-snippet":"max-snippet:-1","max-image-preview":"max-image-preview:large","max-video-preview":"max-video-preview:-1"},"canonical":"https:\/\/www.coopval.com\/en\/","og_locale":"en_GB","og_type":"article","og_title":"Coopval - Pera-Rocha - Pera Morettini - Ma\u00e7\u00e3 Royal Gala - Ma\u00e7\u00e3 Fuji- Pera","og_description":"Coopval - Pera-Rocha - Pera Morettini - Ma\u00e7\u00e3 Royal Gala - Ma\u00e7\u00e3 Fuji - Pera rocha o melhor da nossa terra, uma riqueza produzida em Portugal!","og_url":"https:\/\/www.coopval.com\/en\/","og_site_name":"Coopval","article_publisher":"https:\/\/www.facebook.com\/coopval\/","article_modified_time":"2021-12-16T16:31:35+00:00","twitter_card":"summary_large_image","twitter_misc":{"Estimated reading time":"1 minute"},"schema":{"@context":"https:\/\/schema.org","@graph":[{"@type":"WebPage","@id":"https:\/\/www.coopval.com\/","url":"https:\/\/www.coopval.com\/","name":"Coopval - Pera-Rocha - Pera Morettini - Ma\u00e7\u00e3 Royal Gala - Ma\u00e7\u00e3 Fuji- Pera","isPartOf":{"@id":"https:\/\/www.coopval.com\/#website"},"datePublished":"2020-02-13T14:54:29+00:00","dateModified":"2021-12-16T16:31:35+00:00","description":"Coopval - Pera-Rocha - Pera Morettini - Ma\u00e7\u00e3 Royal Gala - Ma\u00e7\u00e3 Fuji - Pera rocha o melhor da nossa terra, uma riqueza produzida em Portugal!","breadcrumb":{"@id":"https:\/\/www.coopval.com\/#breadcrumb"},"inLanguage":"en-GB","potentialAction":[{"@type":"ReadAction","target":["https:\/\/www.coopval.com\/"]}]},{"@type":"BreadcrumbList","@id":"https:\/\/www.coopval.com\/#breadcrumb","itemListElement":[{"@type":"ListItem","position":1,"name":"In\u00edcio","item":"https:\/\/www.coopval.com\/"},{"@type":"ListItem","position":2,"name":"Home"}]},{"@type":"WebSite","@id":"https:\/\/www.coopval.com\/#website","url":"https:\/\/www.coopval.com\/","name":"Coopval","description":"Coopval","publisher":{"@id":"https:\/\/www.coopval.com\/#organization"},"potentialAction":[{"@type":"SearchAction","target":{"@type":"EntryPoint","urlTemplate":"https:\/\/www.coopval.com\/?s={search_term_string}"},"query-input":"required name=search_term_string"}],"inLanguage":"en-GB"},{"@type":"Organization","@id":"https:\/\/www.coopval.com\/#organization","name":"Coopval","url":"https:\/\/www.coopval.com\/","sameAs":["https:\/\/www.facebook.com\/coopval\/"],"logo":{"@type":"ImageObject","inLanguage":"en-GB","@id":"https:\/\/www.coopval.com\/#\/schema\/logo\/image\/","url":"https:\/\/www.coopval.com\/wp-content\/uploads\/2021\/10\/LogoPrincipalCor.png","contentUrl":"https:\/\/www.coopval.com\/wp-content\/uploads\/2021\/10\/LogoPrincipalCor.png","width":2639,"height":2215,"caption":"Coopval"},"image":{"@id":"https:\/\/www.coopval.com\/#\/schema\/logo\/image\/"}}]}},"_links":{"self":[{"href":"https:\/\/www.coopval.com\/en\/wp-json\/wp\/v2\/pages\/19","targetHints":{"allow":["GET"]}}],"collection":[{"href":"https:\/\/www.coopval.com\/en\/wp-json\/wp\/v2\/pages"}],"about":[{"href":"https:\/\/www.coopval.com\/en\/wp-json\/wp\/v2\/types\/page"}],"author":[{"embeddable":true,"href":"https:\/\/www.coopval.com\/en\/wp-json\/wp\/v2\/users\/1"}],"replies":[{"embeddable":true,"href":"https:\/\/www.coopval.com\/en\/wp-json\/wp\/v2\/comments?post=19"}],"version-history":[{"count":7,"href":"https:\/\/www.coopval.com\/en\/wp-json\/wp\/v2\/pages\/19\/revisions"}],"predecessor-version":[{"id":590,"href":"https:\/\/www.coopval.com\/en\/wp-json\/wp\/v2\/pages\/19\/revisions\/590"}],"wp:attachment":[{"href":"https:\/\/www.coopval.com\/en\/wp-json\/wp\/v2\/media?parent=19"}],"curies":[{"name":"wp","href":"https:\/\/api.w.org\/{rel}","templated":true}]}}